{"id":60,"date":"2024-07-25T14:21:56","date_gmt":"2024-07-25T17:21:56","guid":{"rendered":"https:\/\/kriaweb.com.br\/weghome\/?page_id=60"},"modified":"2025-08-07T16:34:57","modified_gmt":"2025-08-07T19:34:57","slug":"seja-um-revendedor","status":"publish","type":"page","link":"https:\/\/www.weg.net\/weghome\/seja-um-revendedor\/","title":{"rendered":"Seja um revendedor"},"content":{"rendered":"<p id=\"seja-um-parceiro\" class=\"_f40 primary-color\">Preparado(a) para ingressar em uma parceria de sucesso?<\/p>\n<p>Ao se tornar parceiro(a) da WEG, al\u00e9m das vantagens acima, voc\u00ea estar\u00e1 firmando uma parceria com uma marca consolidada e que investe constantemente em visibilidade nas redes sociais e nas m\u00eddias digitais. Tudo isso, para levar mais clientes at\u00e9 voc\u00ea! Preencha o formul\u00e1rio abaixo para entrarmos em contato:<\/p>\n","protected":false},"excerpt":{"rendered":"<p>Torne-se um parceiro WEG e ofere\u00e7a aos seus clientes produtos de qualidade com vantagens exclusivas!<\/p>\n","protected":false},"author":1,"featured_media":1468,"parent":0,"menu_order":0,"comment_status":"closed","ping_status":"closed","template":"page-seja-um-revendedor.php","meta":{"_acf_changed":false,"footnotes":""},"class_list":["post-60","page","type-page","status-publish","has-post-thumbnail","hentry"],"acf":[],"yoast_head":"<!-- This site is optimized with the Yoast SEO plugin v27.3 - https:\/\/yoast.com\/product\/yoast-seo-wordpress\/ -->\n<title>Seja um revendedor - &nbsp;<\/title>\n<meta name=\"description\" content=\"Quer revender os produtos da WEG Home e gerar mais visibilidade para a sua loja? Entre em contato e torne-se um parceiro!\" \/>\n<meta name=\"robots\" content=\"index, follow, max-snippet:-1, max-image-preview:large, max-video-preview:-1\" \/>\n<link rel=\"canonical\" href=\"https:\/\/www.weg.net\/weghome\/seja-um-revendedor\/\" \/>\n<meta property=\"og:locale\" content=\"pt_BR\" \/>\n<meta property=\"og:type\" content=\"article\" \/>\n<meta property=\"og:title\" content=\"Seja um revendedor - &nbsp;\" \/>\n<meta property=\"og:description\" content=\"Quer revender os produtos da WEG Home e gerar mais visibilidade para a sua loja? Entre em contato e torne-se um parceiro!\" \/>\n<meta property=\"og:url\" content=\"https:\/\/www.weg.net\/weghome\/seja-um-revendedor\/\" \/>\n<meta property=\"og:site_name\" content=\"WEG Home\" \/>\n<meta property=\"article:modified_time\" content=\"2025-08-07T19:34:57+00:00\" \/>\n<meta property=\"og:image\" content=\"https:\/\/www.weg.net\/weghome\/wp-content\/uploads\/2024\/10\/seja-um-revendedor-3.jpg\" \/>\n\t<meta property=\"og:image:width\" content=\"854\" \/>\n\t<meta property=\"og:image:height\" content=\"405\" \/>\n\t<meta property=\"og:image:type\" content=\"image\/jpeg\" \/>\n<meta name=\"twitter:card\" content=\"summary_large_image\" \/>\n<meta name=\"twitter:label1\" content=\"Est. tempo de leitura\" \/>\n\t<meta name=\"twitter:data1\" content=\"1 minuto\" \/>\n<script type=\"application\/ld+json\" class=\"yoast-schema-graph\">{\"@context\":\"https:\\\/\\\/schema.org\",\"@graph\":[{\"@type\":\"WebPage\",\"@id\":\"https:\\\/\\\/www.weg.net\\\/weghome\\\/seja-um-revendedor\\\/\",\"url\":\"https:\\\/\\\/www.weg.net\\\/weghome\\\/seja-um-revendedor\\\/\",\"name\":\"Seja um revendedor - &nbsp;\",\"isPartOf\":{\"@id\":\"https:\\\/\\\/www.weg.net\\\/weghome\\\/#website\"},\"primaryImageOfPage\":{\"@id\":\"https:\\\/\\\/www.weg.net\\\/weghome\\\/seja-um-revendedor\\\/#primaryimage\"},\"image\":{\"@id\":\"https:\\\/\\\/www.weg.net\\\/weghome\\\/seja-um-revendedor\\\/#primaryimage\"},\"thumbnailUrl\":\"https:\\\/\\\/www.weg.net\\\/weghome\\\/wp-content\\\/uploads\\\/2024\\\/10\\\/seja-um-revendedor-3.jpg\",\"datePublished\":\"2024-07-25T17:21:56+00:00\",\"dateModified\":\"2025-08-07T19:34:57+00:00\",\"description\":\"Quer revender os produtos da WEG Home e gerar mais visibilidade para a sua loja? Entre em contato e torne-se um parceiro!\",\"breadcrumb\":{\"@id\":\"https:\\\/\\\/www.weg.net\\\/weghome\\\/seja-um-revendedor\\\/#breadcrumb\"},\"inLanguage\":\"pt-BR\",\"potentialAction\":[{\"@type\":\"ReadAction\",\"target\":[\"https:\\\/\\\/www.weg.net\\\/weghome\\\/seja-um-revendedor\\\/\"]}]},{\"@type\":\"ImageObject\",\"inLanguage\":\"pt-BR\",\"@id\":\"https:\\\/\\\/www.weg.net\\\/weghome\\\/seja-um-revendedor\\\/#primaryimage\",\"url\":\"https:\\\/\\\/www.weg.net\\\/weghome\\\/wp-content\\\/uploads\\\/2024\\\/10\\\/seja-um-revendedor-3.jpg\",\"contentUrl\":\"https:\\\/\\\/www.weg.net\\\/weghome\\\/wp-content\\\/uploads\\\/2024\\\/10\\\/seja-um-revendedor-3.jpg\",\"width\":854,\"height\":405},{\"@type\":\"BreadcrumbList\",\"@id\":\"https:\\\/\\\/www.weg.net\\\/weghome\\\/seja-um-revendedor\\\/#breadcrumb\",\"itemListElement\":[{\"@type\":\"ListItem\",\"position\":1,\"name\":\"In\u00edcio\",\"item\":\"https:\\\/\\\/www.weg.net\\\/weghome\\\/\"},{\"@type\":\"ListItem\",\"position\":2,\"name\":\"Seja um revendedor\"}]},{\"@type\":\"WebSite\",\"@id\":\"https:\\\/\\\/www.weg.net\\\/weghome\\\/#website\",\"url\":\"https:\\\/\\\/www.weg.net\\\/weghome\\\/\",\"name\":\"WEG Home\",\"description\":\"Casa Inteligente, Tomadas e Interruptores, Prote\u00e7\u00e3o El\u00e9trica, Seguran\u00e7a Eletr\u00f4nica\",\"publisher\":{\"@id\":\"https:\\\/\\\/www.weg.net\\\/weghome\\\/#organization\"},\"potentialAction\":[{\"@type\":\"SearchAction\",\"target\":{\"@type\":\"EntryPoint\",\"urlTemplate\":\"https:\\\/\\\/www.weg.net\\\/weghome\\\/?s={search_term_string}\"},\"query-input\":{\"@type\":\"PropertyValueSpecification\",\"valueRequired\":true,\"valueName\":\"search_term_string\"}}],\"inLanguage\":\"pt-BR\"},{\"@type\":\"Organization\",\"@id\":\"https:\\\/\\\/www.weg.net\\\/weghome\\\/#organization\",\"name\":\"WEG Home\",\"url\":\"https:\\\/\\\/www.weg.net\\\/weghome\\\/\",\"logo\":{\"@type\":\"ImageObject\",\"inLanguage\":\"pt-BR\",\"@id\":\"https:\\\/\\\/www.weg.net\\\/weghome\\\/#\\\/schema\\\/logo\\\/image\\\/\",\"url\":\"https:\\\/\\\/www.weg.net\\\/weghome\\\/wp-content\\\/uploads\\\/2024\\\/09\\\/weg_logo.jpg\",\"contentUrl\":\"https:\\\/\\\/www.weg.net\\\/weghome\\\/wp-content\\\/uploads\\\/2024\\\/09\\\/weg_logo.jpg\",\"width\":512,\"height\":512,\"caption\":\"WEG Home\"},\"image\":{\"@id\":\"https:\\\/\\\/www.weg.net\\\/weghome\\\/#\\\/schema\\\/logo\\\/image\\\/\"}}]}<\/script>\n<!-- \/ Yoast SEO plugin. -->","yoast_head_json":{"title":"Seja um revendedor - &nbsp;","description":"Quer revender os produtos da WEG Home e gerar mais visibilidade para a sua loja? Entre em contato e torne-se um parceiro!","robots":{"index":"index","follow":"follow","max-snippet":"max-snippet:-1","max-image-preview":"max-image-preview:large","max-video-preview":"max-video-preview:-1"},"canonical":"https:\/\/www.weg.net\/weghome\/seja-um-revendedor\/","og_locale":"pt_BR","og_type":"article","og_title":"Seja um revendedor - &nbsp;","og_description":"Quer revender os produtos da WEG Home e gerar mais visibilidade para a sua loja? Entre em contato e torne-se um parceiro!","og_url":"https:\/\/www.weg.net\/weghome\/seja-um-revendedor\/","og_site_name":"WEG Home","article_modified_time":"2025-08-07T19:34:57+00:00","og_image":[{"width":854,"height":405,"url":"https:\/\/www.weg.net\/weghome\/wp-content\/uploads\/2024\/10\/seja-um-revendedor-3.jpg","type":"image\/jpeg"}],"twitter_card":"summary_large_image","twitter_misc":{"Est. tempo de leitura":"1 minuto"},"schema":{"@context":"https:\/\/schema.org","@graph":[{"@type":"WebPage","@id":"https:\/\/www.weg.net\/weghome\/seja-um-revendedor\/","url":"https:\/\/www.weg.net\/weghome\/seja-um-revendedor\/","name":"Seja um revendedor - &nbsp;","isPartOf":{"@id":"https:\/\/www.weg.net\/weghome\/#website"},"primaryImageOfPage":{"@id":"https:\/\/www.weg.net\/weghome\/seja-um-revendedor\/#primaryimage"},"image":{"@id":"https:\/\/www.weg.net\/weghome\/seja-um-revendedor\/#primaryimage"},"thumbnailUrl":"https:\/\/www.weg.net\/weghome\/wp-content\/uploads\/2024\/10\/seja-um-revendedor-3.jpg","datePublished":"2024-07-25T17:21:56+00:00","dateModified":"2025-08-07T19:34:57+00:00","description":"Quer revender os produtos da WEG Home e gerar mais visibilidade para a sua loja? Entre em contato e torne-se um parceiro!","breadcrumb":{"@id":"https:\/\/www.weg.net\/weghome\/seja-um-revendedor\/#breadcrumb"},"inLanguage":"pt-BR","potentialAction":[{"@type":"ReadAction","target":["https:\/\/www.weg.net\/weghome\/seja-um-revendedor\/"]}]},{"@type":"ImageObject","inLanguage":"pt-BR","@id":"https:\/\/www.weg.net\/weghome\/seja-um-revendedor\/#primaryimage","url":"https:\/\/www.weg.net\/weghome\/wp-content\/uploads\/2024\/10\/seja-um-revendedor-3.jpg","contentUrl":"https:\/\/www.weg.net\/weghome\/wp-content\/uploads\/2024\/10\/seja-um-revendedor-3.jpg","width":854,"height":405},{"@type":"BreadcrumbList","@id":"https:\/\/www.weg.net\/weghome\/seja-um-revendedor\/#breadcrumb","itemListElement":[{"@type":"ListItem","position":1,"name":"In\u00edcio","item":"https:\/\/www.weg.net\/weghome\/"},{"@type":"ListItem","position":2,"name":"Seja um revendedor"}]},{"@type":"WebSite","@id":"https:\/\/www.weg.net\/weghome\/#website","url":"https:\/\/www.weg.net\/weghome\/","name":"WEG Home","description":"Casa Inteligente, Tomadas e Interruptores, Prote\u00e7\u00e3o El\u00e9trica, Seguran\u00e7a Eletr\u00f4nica","publisher":{"@id":"https:\/\/www.weg.net\/weghome\/#organization"},"potentialAction":[{"@type":"SearchAction","target":{"@type":"EntryPoint","urlTemplate":"https:\/\/www.weg.net\/weghome\/?s={search_term_string}"},"query-input":{"@type":"PropertyValueSpecification","valueRequired":true,"valueName":"search_term_string"}}],"inLanguage":"pt-BR"},{"@type":"Organization","@id":"https:\/\/www.weg.net\/weghome\/#organization","name":"WEG Home","url":"https:\/\/www.weg.net\/weghome\/","logo":{"@type":"ImageObject","inLanguage":"pt-BR","@id":"https:\/\/www.weg.net\/weghome\/#\/schema\/logo\/image\/","url":"https:\/\/www.weg.net\/weghome\/wp-content\/uploads\/2024\/09\/weg_logo.jpg","contentUrl":"https:\/\/www.weg.net\/weghome\/wp-content\/uploads\/2024\/09\/weg_logo.jpg","width":512,"height":512,"caption":"WEG Home"},"image":{"@id":"https:\/\/www.weg.net\/weghome\/#\/schema\/logo\/image\/"}}]}},"_links":{"self":[{"href":"https:\/\/www.weg.net\/weghome\/wp-json\/wp\/v2\/pages\/60","targetHints":{"allow":["GET"]}}],"collection":[{"href":"https:\/\/www.weg.net\/weghome\/wp-json\/wp\/v2\/pages"}],"about":[{"href":"https:\/\/www.weg.net\/weghome\/wp-json\/wp\/v2\/types\/page"}],"author":[{"embeddable":true,"href":"https:\/\/www.weg.net\/weghome\/wp-json\/wp\/v2\/users\/1"}],"replies":[{"embeddable":true,"href":"https:\/\/www.weg.net\/weghome\/wp-json\/wp\/v2\/comments?post=60"}],"version-history":[{"count":12,"href":"https:\/\/www.weg.net\/weghome\/wp-json\/wp\/v2\/pages\/60\/revisions"}],"predecessor-version":[{"id":8384,"href":"https:\/\/www.weg.net\/weghome\/wp-json\/wp\/v2\/pages\/60\/revisions\/8384"}],"wp:featuredmedia":[{"embeddable":true,"href":"https:\/\/www.weg.net\/weghome\/wp-json\/wp\/v2\/media\/1468"}],"wp:attachment":[{"href":"https:\/\/www.weg.net\/weghome\/wp-json\/wp\/v2\/media?parent=60"}],"curies":[{"name":"wp","href":"https:\/\/api.w.org\/{rel}","templated":true}]}}