{"id":23,"date":"2024-07-17T16:49:42","date_gmt":"2024-07-17T19:49:42","guid":{"rendered":"https:\/\/kriaweb.com.br\/weghome\/?page_id=23"},"modified":"2024-12-18T16:56:59","modified_gmt":"2024-12-18T19:56:59","slug":"onde-encontrar","status":"publish","type":"page","link":"https:\/\/www.weg.net\/weghome\/onde-encontrar\/","title":{"rendered":"Onde encontrar &#8211; Lojas F\u00edsicas"},"content":{"rendered":"<h2 class=\"_f40\">O que est\u00e1 procurando?<\/h2>\n","protected":false},"excerpt":{"rendered":"<p>Estamos presentes em diversas lojas pelo Brasil! Descubra onde encontrar nossos produtos com nossos parceiros.<\/p>\n","protected":false},"author":1,"featured_media":1435,"parent":0,"menu_order":0,"comment_status":"closed","ping_status":"closed","template":"page-onde-encontrar.php","meta":{"_acf_changed":false,"footnotes":""},"class_list":["post-23","page","type-page","status-publish","has-post-thumbnail","hentry"],"acf":[],"yoast_head":"<!-- This site is optimized with the Yoast SEO plugin v27.4 - https:\/\/yoast.com\/product\/yoast-seo-wordpress\/ -->\n<title>Onde encontrar - Lojas F\u00edsicas - &nbsp;<\/title>\n<meta name=\"description\" content=\"Estamos presentes em diversas lojas pelo Brasil! Descubra onde encontrar nossos produtos com nossos parceiros.\" \/>\n<meta name=\"robots\" content=\"index, follow, max-snippet:-1, max-image-preview:large, max-video-preview:-1\" \/>\n<link rel=\"canonical\" href=\"https:\/\/www.weg.net\/weghome\/onde-encontrar\/\" \/>\n<meta property=\"og:locale\" content=\"pt_BR\" \/>\n<meta property=\"og:type\" content=\"article\" \/>\n<meta property=\"og:title\" content=\"Onde encontrar - Lojas F\u00edsicas - &nbsp;\" \/>\n<meta property=\"og:description\" content=\"Estamos presentes em diversas lojas pelo Brasil! Descubra onde encontrar nossos produtos com nossos parceiros.\" \/>\n<meta property=\"og:url\" content=\"https:\/\/www.weg.net\/weghome\/onde-encontrar\/\" \/>\n<meta property=\"og:site_name\" content=\"WEG Home\" \/>\n<meta property=\"article:modified_time\" content=\"2024-12-18T19:56:59+00:00\" \/>\n<meta property=\"og:image\" content=\"https:\/\/www.weg.net\/weghome\/wp-content\/uploads\/2024\/10\/onde-encontrar-weg-home.jpg\" \/>\n\t<meta property=\"og:image:width\" content=\"854\" \/>\n\t<meta property=\"og:image:height\" content=\"405\" \/>\n\t<meta property=\"og:image:type\" content=\"image\/jpeg\" \/>\n<meta name=\"twitter:card\" content=\"summary_large_image\" \/>\n<meta name=\"twitter:label1\" content=\"Est. tempo de leitura\" \/>\n\t<meta name=\"twitter:data1\" content=\"1 minuto\" \/>\n<script type=\"application\/ld+json\" class=\"yoast-schema-graph\">{\"@context\":\"https:\\\/\\\/schema.org\",\"@graph\":[{\"@type\":\"WebPage\",\"@id\":\"https:\\\/\\\/www.weg.net\\\/weghome\\\/onde-encontrar\\\/\",\"url\":\"https:\\\/\\\/www.weg.net\\\/weghome\\\/onde-encontrar\\\/\",\"name\":\"Onde encontrar - Lojas F\u00edsicas - &nbsp;\",\"isPartOf\":{\"@id\":\"https:\\\/\\\/www.weg.net\\\/weghome\\\/#website\"},\"primaryImageOfPage\":{\"@id\":\"https:\\\/\\\/www.weg.net\\\/weghome\\\/onde-encontrar\\\/#primaryimage\"},\"image\":{\"@id\":\"https:\\\/\\\/www.weg.net\\\/weghome\\\/onde-encontrar\\\/#primaryimage\"},\"thumbnailUrl\":\"https:\\\/\\\/www.weg.net\\\/weghome\\\/wp-content\\\/uploads\\\/2024\\\/10\\\/onde-encontrar-weg-home.jpg\",\"datePublished\":\"2024-07-17T19:49:42+00:00\",\"dateModified\":\"2024-12-18T19:56:59+00:00\",\"description\":\"Estamos presentes em diversas lojas pelo Brasil! Descubra onde encontrar nossos produtos com nossos parceiros.\",\"breadcrumb\":{\"@id\":\"https:\\\/\\\/www.weg.net\\\/weghome\\\/onde-encontrar\\\/#breadcrumb\"},\"inLanguage\":\"pt-BR\",\"potentialAction\":[{\"@type\":\"ReadAction\",\"target\":[\"https:\\\/\\\/www.weg.net\\\/weghome\\\/onde-encontrar\\\/\"]}]},{\"@type\":\"ImageObject\",\"inLanguage\":\"pt-BR\",\"@id\":\"https:\\\/\\\/www.weg.net\\\/weghome\\\/onde-encontrar\\\/#primaryimage\",\"url\":\"https:\\\/\\\/www.weg.net\\\/weghome\\\/wp-content\\\/uploads\\\/2024\\\/10\\\/onde-encontrar-weg-home.jpg\",\"contentUrl\":\"https:\\\/\\\/www.weg.net\\\/weghome\\\/wp-content\\\/uploads\\\/2024\\\/10\\\/onde-encontrar-weg-home.jpg\",\"width\":854,\"height\":405},{\"@type\":\"BreadcrumbList\",\"@id\":\"https:\\\/\\\/www.weg.net\\\/weghome\\\/onde-encontrar\\\/#breadcrumb\",\"itemListElement\":[{\"@type\":\"ListItem\",\"position\":1,\"name\":\"In\u00edcio\",\"item\":\"https:\\\/\\\/www.weg.net\\\/weghome\\\/\"},{\"@type\":\"ListItem\",\"position\":2,\"name\":\"Onde encontrar &#8211; Lojas F\u00edsicas\"}]},{\"@type\":\"WebSite\",\"@id\":\"https:\\\/\\\/www.weg.net\\\/weghome\\\/#website\",\"url\":\"https:\\\/\\\/www.weg.net\\\/weghome\\\/\",\"name\":\"WEG Home\",\"description\":\"Casa Inteligente, Tomadas e Interruptores, Prote\u00e7\u00e3o El\u00e9trica, Seguran\u00e7a Eletr\u00f4nica\",\"publisher\":{\"@id\":\"https:\\\/\\\/www.weg.net\\\/weghome\\\/#organization\"},\"potentialAction\":[{\"@type\":\"SearchAction\",\"target\":{\"@type\":\"EntryPoint\",\"urlTemplate\":\"https:\\\/\\\/www.weg.net\\\/weghome\\\/?s={search_term_string}\"},\"query-input\":{\"@type\":\"PropertyValueSpecification\",\"valueRequired\":true,\"valueName\":\"search_term_string\"}}],\"inLanguage\":\"pt-BR\"},{\"@type\":\"Organization\",\"@id\":\"https:\\\/\\\/www.weg.net\\\/weghome\\\/#organization\",\"name\":\"WEG Home\",\"url\":\"https:\\\/\\\/www.weg.net\\\/weghome\\\/\",\"logo\":{\"@type\":\"ImageObject\",\"inLanguage\":\"pt-BR\",\"@id\":\"https:\\\/\\\/www.weg.net\\\/weghome\\\/#\\\/schema\\\/logo\\\/image\\\/\",\"url\":\"https:\\\/\\\/www.weg.net\\\/weghome\\\/wp-content\\\/uploads\\\/2024\\\/09\\\/weg_logo.jpg\",\"contentUrl\":\"https:\\\/\\\/www.weg.net\\\/weghome\\\/wp-content\\\/uploads\\\/2024\\\/09\\\/weg_logo.jpg\",\"width\":512,\"height\":512,\"caption\":\"WEG Home\"},\"image\":{\"@id\":\"https:\\\/\\\/www.weg.net\\\/weghome\\\/#\\\/schema\\\/logo\\\/image\\\/\"}}]}<\/script>\n<!-- \/ Yoast SEO plugin. -->","yoast_head_json":{"title":"Onde encontrar - Lojas F\u00edsicas - &nbsp;","description":"Estamos presentes em diversas lojas pelo Brasil! Descubra onde encontrar nossos produtos com nossos parceiros.","robots":{"index":"index","follow":"follow","max-snippet":"max-snippet:-1","max-image-preview":"max-image-preview:large","max-video-preview":"max-video-preview:-1"},"canonical":"https:\/\/www.weg.net\/weghome\/onde-encontrar\/","og_locale":"pt_BR","og_type":"article","og_title":"Onde encontrar - Lojas F\u00edsicas - &nbsp;","og_description":"Estamos presentes em diversas lojas pelo Brasil! Descubra onde encontrar nossos produtos com nossos parceiros.","og_url":"https:\/\/www.weg.net\/weghome\/onde-encontrar\/","og_site_name":"WEG Home","article_modified_time":"2024-12-18T19:56:59+00:00","og_image":[{"width":854,"height":405,"url":"https:\/\/www.weg.net\/weghome\/wp-content\/uploads\/2024\/10\/onde-encontrar-weg-home.jpg","type":"image\/jpeg"}],"twitter_card":"summary_large_image","twitter_misc":{"Est. tempo de leitura":"1 minuto"},"schema":{"@context":"https:\/\/schema.org","@graph":[{"@type":"WebPage","@id":"https:\/\/www.weg.net\/weghome\/onde-encontrar\/","url":"https:\/\/www.weg.net\/weghome\/onde-encontrar\/","name":"Onde encontrar - Lojas F\u00edsicas - &nbsp;","isPartOf":{"@id":"https:\/\/www.weg.net\/weghome\/#website"},"primaryImageOfPage":{"@id":"https:\/\/www.weg.net\/weghome\/onde-encontrar\/#primaryimage"},"image":{"@id":"https:\/\/www.weg.net\/weghome\/onde-encontrar\/#primaryimage"},"thumbnailUrl":"https:\/\/www.weg.net\/weghome\/wp-content\/uploads\/2024\/10\/onde-encontrar-weg-home.jpg","datePublished":"2024-07-17T19:49:42+00:00","dateModified":"2024-12-18T19:56:59+00:00","description":"Estamos presentes em diversas lojas pelo Brasil! Descubra onde encontrar nossos produtos com nossos parceiros.","breadcrumb":{"@id":"https:\/\/www.weg.net\/weghome\/onde-encontrar\/#breadcrumb"},"inLanguage":"pt-BR","potentialAction":[{"@type":"ReadAction","target":["https:\/\/www.weg.net\/weghome\/onde-encontrar\/"]}]},{"@type":"ImageObject","inLanguage":"pt-BR","@id":"https:\/\/www.weg.net\/weghome\/onde-encontrar\/#primaryimage","url":"https:\/\/www.weg.net\/weghome\/wp-content\/uploads\/2024\/10\/onde-encontrar-weg-home.jpg","contentUrl":"https:\/\/www.weg.net\/weghome\/wp-content\/uploads\/2024\/10\/onde-encontrar-weg-home.jpg","width":854,"height":405},{"@type":"BreadcrumbList","@id":"https:\/\/www.weg.net\/weghome\/onde-encontrar\/#breadcrumb","itemListElement":[{"@type":"ListItem","position":1,"name":"In\u00edcio","item":"https:\/\/www.weg.net\/weghome\/"},{"@type":"ListItem","position":2,"name":"Onde encontrar &#8211; Lojas F\u00edsicas"}]},{"@type":"WebSite","@id":"https:\/\/www.weg.net\/weghome\/#website","url":"https:\/\/www.weg.net\/weghome\/","name":"WEG Home","description":"Casa Inteligente, Tomadas e Interruptores, Prote\u00e7\u00e3o El\u00e9trica, Seguran\u00e7a Eletr\u00f4nica","publisher":{"@id":"https:\/\/www.weg.net\/weghome\/#organization"},"potentialAction":[{"@type":"SearchAction","target":{"@type":"EntryPoint","urlTemplate":"https:\/\/www.weg.net\/weghome\/?s={search_term_string}"},"query-input":{"@type":"PropertyValueSpecification","valueRequired":true,"valueName":"search_term_string"}}],"inLanguage":"pt-BR"},{"@type":"Organization","@id":"https:\/\/www.weg.net\/weghome\/#organization","name":"WEG Home","url":"https:\/\/www.weg.net\/weghome\/","logo":{"@type":"ImageObject","inLanguage":"pt-BR","@id":"https:\/\/www.weg.net\/weghome\/#\/schema\/logo\/image\/","url":"https:\/\/www.weg.net\/weghome\/wp-content\/uploads\/2024\/09\/weg_logo.jpg","contentUrl":"https:\/\/www.weg.net\/weghome\/wp-content\/uploads\/2024\/09\/weg_logo.jpg","width":512,"height":512,"caption":"WEG Home"},"image":{"@id":"https:\/\/www.weg.net\/weghome\/#\/schema\/logo\/image\/"}}]}},"_links":{"self":[{"href":"https:\/\/www.weg.net\/weghome\/wp-json\/wp\/v2\/pages\/23","targetHints":{"allow":["GET"]}}],"collection":[{"href":"https:\/\/www.weg.net\/weghome\/wp-json\/wp\/v2\/pages"}],"about":[{"href":"https:\/\/www.weg.net\/weghome\/wp-json\/wp\/v2\/types\/page"}],"author":[{"embeddable":true,"href":"https:\/\/www.weg.net\/weghome\/wp-json\/wp\/v2\/users\/1"}],"replies":[{"embeddable":true,"href":"https:\/\/www.weg.net\/weghome\/wp-json\/wp\/v2\/comments?post=23"}],"version-history":[{"count":12,"href":"https:\/\/www.weg.net\/weghome\/wp-json\/wp\/v2\/pages\/23\/revisions"}],"predecessor-version":[{"id":8592,"href":"https:\/\/www.weg.net\/weghome\/wp-json\/wp\/v2\/pages\/23\/revisions\/8592"}],"wp:featuredmedia":[{"embeddable":true,"href":"https:\/\/www.weg.net\/weghome\/wp-json\/wp\/v2\/media\/1435"}],"wp:attachment":[{"href":"https:\/\/www.weg.net\/weghome\/wp-json\/wp\/v2\/media?parent=23"}],"curies":[{"name":"wp","href":"https:\/\/api.w.org\/{rel}","templated":true}]}}