{"id":21,"date":"2024-07-17T16:49:29","date_gmt":"2024-07-17T19:49:29","guid":{"rendered":"https:\/\/kriaweb.com.br\/weghome\/?page_id=21"},"modified":"2024-12-18T16:59:28","modified_gmt":"2024-12-18T19:59:28","slug":"suporte","status":"publish","type":"page","link":"https:\/\/www.weg.net\/weghome\/suporte\/","title":{"rendered":"Suporte"},"content":{"rendered":"<h2>Suporte T\u00e9cnico<\/h2>\n<p>Oferecemos aos nossos clientes suporte t\u00e9cnico telef\u00f4nico, al\u00e9m de suporte na instala\u00e7\u00e3o de produtos, coloca\u00e7\u00e3o das solu\u00e7\u00f5es em funcionamento ou resolu\u00e7\u00e3o de falhas.<\/p>\n<p>Por telefone ou e-mail, nossa equipe de suporte orienta com respostas r\u00e1pidas para que nossos clientes possam prontamente colocar nossos equipamentos em opera\u00e7\u00e3o.<\/p>\n<p>&nbsp;<\/p>\n<div class=\"row\">\n<div class=\"col-6 mb-4\"><span class=\"secondary-color\">Capitais e regi\u00e3o metropolitana<\/span><br \/>\n<strong class=\"primary-color _f24\">4003-8201<\/strong><\/div>\n<div class=\"col-6 mb-4\"><span class=\"secondary-color\">Demais regi\u00f5es<\/span><br \/>\n<strong class=\"primary-color _f24\">0800 701 0701<\/strong><\/div>\n<div class=\"col-6 mb-4\"><strong class=\"primary-color _f24\">(47) 99646-4800<\/strong><\/div>\n<div class=\"col-6 mb-4\"><strong class=\"primary-color _f24\">0800@weg.net<\/strong><\/div>\n<\/div>\n<div>\n<p>&nbsp;<\/p>\n<p><a class=\"button button--primary button--medium\" href=\"https:\/\/static.weg.net\/medias\/downloadcenter\/hce\/hb2\/WEG-termo-de-garantia-tomadas-e-interruptores-WEG-Home-WCAM-pt.pdf\">Termo de Garantia WEG<\/a>\u00a0 \u00a0 \u00a0 \u00a0 \u00a0<a class=\"button button--medium\" href=\"https:\/\/materiais.tomadas.weg.net\/wcam-recuperacao-de-senha\">Recupera\u00e7\u00e3o de senha WCAM<\/a><\/p>\n<p><a class=\"button button--medium\" href=\"https:\/\/wendi.weg.net\/chat\">Fale com a WENDI<\/a><\/p>\n<\/div>\n","protected":false},"excerpt":{"rendered":"<p>Precisa de ajuda? Acesse nossa p\u00e1gina de Suporte e encontre manuais, downloads e solu\u00e7\u00f5es t\u00e9cnicas para facilitar seu dia a dia!<\/p>\n","protected":false},"author":1,"featured_media":414,"parent":0,"menu_order":0,"comment_status":"closed","ping_status":"closed","template":"page-suporte.php","meta":{"_acf_changed":false,"footnotes":""},"class_list":["post-21","page","type-page","status-publish","has-post-thumbnail","hentry"],"acf":[],"yoast_head":"<!-- This site is optimized with the Yoast SEO plugin v27.4 - https:\/\/yoast.com\/product\/yoast-seo-wordpress\/ -->\n<title>Suporte - &nbsp;<\/title>\n<meta name=\"description\" content=\"Precisa de ajuda? Acesse a p\u00e1gina de Suporte da WEG Home e encontre manuais, downloads e solu\u00e7\u00f5es t\u00e9cnicas para facilitar seu dia a dia!\" \/>\n<meta name=\"robots\" content=\"index, follow, max-snippet:-1, max-image-preview:large, max-video-preview:-1\" \/>\n<link rel=\"canonical\" href=\"https:\/\/www.weg.net\/weghome\/suporte\/\" \/>\n<meta property=\"og:locale\" content=\"pt_BR\" \/>\n<meta property=\"og:type\" content=\"article\" \/>\n<meta property=\"og:title\" content=\"Suporte - &nbsp;\" \/>\n<meta property=\"og:description\" content=\"Precisa de ajuda? Acesse a p\u00e1gina de Suporte da WEG Home e encontre manuais, downloads e solu\u00e7\u00f5es t\u00e9cnicas para facilitar seu dia a dia!\" \/>\n<meta property=\"og:url\" content=\"https:\/\/www.weg.net\/weghome\/suporte\/\" \/>\n<meta property=\"og:site_name\" content=\"WEG Home\" \/>\n<meta property=\"article:modified_time\" content=\"2024-12-18T19:59:28+00:00\" \/>\n<meta property=\"og:image\" content=\"https:\/\/www.weg.net\/weghome\/wp-content\/uploads\/2024\/08\/suporte-e1728420379954.jpg\" \/>\n\t<meta property=\"og:image:width\" content=\"749\" \/>\n\t<meta property=\"og:image:height\" content=\"554\" \/>\n\t<meta property=\"og:image:type\" content=\"image\/jpeg\" \/>\n<meta name=\"twitter:card\" content=\"summary_large_image\" \/>\n<meta name=\"twitter:label1\" content=\"Est. tempo de leitura\" \/>\n\t<meta name=\"twitter:data1\" content=\"1 minuto\" \/>\n<script type=\"application\/ld+json\" class=\"yoast-schema-graph\">{\"@context\":\"https:\\\/\\\/schema.org\",\"@graph\":[{\"@type\":\"WebPage\",\"@id\":\"https:\\\/\\\/www.weg.net\\\/weghome\\\/suporte\\\/\",\"url\":\"https:\\\/\\\/www.weg.net\\\/weghome\\\/suporte\\\/\",\"name\":\"Suporte - &nbsp;\",\"isPartOf\":{\"@id\":\"https:\\\/\\\/www.weg.net\\\/weghome\\\/#website\"},\"primaryImageOfPage\":{\"@id\":\"https:\\\/\\\/www.weg.net\\\/weghome\\\/suporte\\\/#primaryimage\"},\"image\":{\"@id\":\"https:\\\/\\\/www.weg.net\\\/weghome\\\/suporte\\\/#primaryimage\"},\"thumbnailUrl\":\"https:\\\/\\\/www.weg.net\\\/weghome\\\/wp-content\\\/uploads\\\/2024\\\/08\\\/suporte-e1728420379954.jpg\",\"datePublished\":\"2024-07-17T19:49:29+00:00\",\"dateModified\":\"2024-12-18T19:59:28+00:00\",\"description\":\"Precisa de ajuda? Acesse a p\u00e1gina de Suporte da WEG Home e encontre manuais, downloads e solu\u00e7\u00f5es t\u00e9cnicas para facilitar seu dia a dia!\",\"breadcrumb\":{\"@id\":\"https:\\\/\\\/www.weg.net\\\/weghome\\\/suporte\\\/#breadcrumb\"},\"inLanguage\":\"pt-BR\",\"potentialAction\":[{\"@type\":\"ReadAction\",\"target\":[\"https:\\\/\\\/www.weg.net\\\/weghome\\\/suporte\\\/\"]}]},{\"@type\":\"ImageObject\",\"inLanguage\":\"pt-BR\",\"@id\":\"https:\\\/\\\/www.weg.net\\\/weghome\\\/suporte\\\/#primaryimage\",\"url\":\"https:\\\/\\\/www.weg.net\\\/weghome\\\/wp-content\\\/uploads\\\/2024\\\/08\\\/suporte-e1728420379954.jpg\",\"contentUrl\":\"https:\\\/\\\/www.weg.net\\\/weghome\\\/wp-content\\\/uploads\\\/2024\\\/08\\\/suporte-e1728420379954.jpg\",\"width\":749,\"height\":554},{\"@type\":\"BreadcrumbList\",\"@id\":\"https:\\\/\\\/www.weg.net\\\/weghome\\\/suporte\\\/#breadcrumb\",\"itemListElement\":[{\"@type\":\"ListItem\",\"position\":1,\"name\":\"In\u00edcio\",\"item\":\"https:\\\/\\\/www.weg.net\\\/weghome\\\/\"},{\"@type\":\"ListItem\",\"position\":2,\"name\":\"Suporte\"}]},{\"@type\":\"WebSite\",\"@id\":\"https:\\\/\\\/www.weg.net\\\/weghome\\\/#website\",\"url\":\"https:\\\/\\\/www.weg.net\\\/weghome\\\/\",\"name\":\"WEG Home\",\"description\":\"Casa Inteligente, Tomadas e Interruptores, Prote\u00e7\u00e3o El\u00e9trica, Seguran\u00e7a Eletr\u00f4nica\",\"publisher\":{\"@id\":\"https:\\\/\\\/www.weg.net\\\/weghome\\\/#organization\"},\"potentialAction\":[{\"@type\":\"SearchAction\",\"target\":{\"@type\":\"EntryPoint\",\"urlTemplate\":\"https:\\\/\\\/www.weg.net\\\/weghome\\\/?s={search_term_string}\"},\"query-input\":{\"@type\":\"PropertyValueSpecification\",\"valueRequired\":true,\"valueName\":\"search_term_string\"}}],\"inLanguage\":\"pt-BR\"},{\"@type\":\"Organization\",\"@id\":\"https:\\\/\\\/www.weg.net\\\/weghome\\\/#organization\",\"name\":\"WEG Home\",\"url\":\"https:\\\/\\\/www.weg.net\\\/weghome\\\/\",\"logo\":{\"@type\":\"ImageObject\",\"inLanguage\":\"pt-BR\",\"@id\":\"https:\\\/\\\/www.weg.net\\\/weghome\\\/#\\\/schema\\\/logo\\\/image\\\/\",\"url\":\"https:\\\/\\\/www.weg.net\\\/weghome\\\/wp-content\\\/uploads\\\/2024\\\/09\\\/weg_logo.jpg\",\"contentUrl\":\"https:\\\/\\\/www.weg.net\\\/weghome\\\/wp-content\\\/uploads\\\/2024\\\/09\\\/weg_logo.jpg\",\"width\":512,\"height\":512,\"caption\":\"WEG Home\"},\"image\":{\"@id\":\"https:\\\/\\\/www.weg.net\\\/weghome\\\/#\\\/schema\\\/logo\\\/image\\\/\"}}]}<\/script>\n<!-- \/ Yoast SEO plugin. -->","yoast_head_json":{"title":"Suporte - &nbsp;","description":"Precisa de ajuda? Acesse a p\u00e1gina de Suporte da WEG Home e encontre manuais, downloads e solu\u00e7\u00f5es t\u00e9cnicas para facilitar seu dia a dia!","robots":{"index":"index","follow":"follow","max-snippet":"max-snippet:-1","max-image-preview":"max-image-preview:large","max-video-preview":"max-video-preview:-1"},"canonical":"https:\/\/www.weg.net\/weghome\/suporte\/","og_locale":"pt_BR","og_type":"article","og_title":"Suporte - &nbsp;","og_description":"Precisa de ajuda? Acesse a p\u00e1gina de Suporte da WEG Home e encontre manuais, downloads e solu\u00e7\u00f5es t\u00e9cnicas para facilitar seu dia a dia!","og_url":"https:\/\/www.weg.net\/weghome\/suporte\/","og_site_name":"WEG Home","article_modified_time":"2024-12-18T19:59:28+00:00","og_image":[{"width":749,"height":554,"url":"https:\/\/www.weg.net\/weghome\/wp-content\/uploads\/2024\/08\/suporte-e1728420379954.jpg","type":"image\/jpeg"}],"twitter_card":"summary_large_image","twitter_misc":{"Est. tempo de leitura":"1 minuto"},"schema":{"@context":"https:\/\/schema.org","@graph":[{"@type":"WebPage","@id":"https:\/\/www.weg.net\/weghome\/suporte\/","url":"https:\/\/www.weg.net\/weghome\/suporte\/","name":"Suporte - &nbsp;","isPartOf":{"@id":"https:\/\/www.weg.net\/weghome\/#website"},"primaryImageOfPage":{"@id":"https:\/\/www.weg.net\/weghome\/suporte\/#primaryimage"},"image":{"@id":"https:\/\/www.weg.net\/weghome\/suporte\/#primaryimage"},"thumbnailUrl":"https:\/\/www.weg.net\/weghome\/wp-content\/uploads\/2024\/08\/suporte-e1728420379954.jpg","datePublished":"2024-07-17T19:49:29+00:00","dateModified":"2024-12-18T19:59:28+00:00","description":"Precisa de ajuda? Acesse a p\u00e1gina de Suporte da WEG Home e encontre manuais, downloads e solu\u00e7\u00f5es t\u00e9cnicas para facilitar seu dia a dia!","breadcrumb":{"@id":"https:\/\/www.weg.net\/weghome\/suporte\/#breadcrumb"},"inLanguage":"pt-BR","potentialAction":[{"@type":"ReadAction","target":["https:\/\/www.weg.net\/weghome\/suporte\/"]}]},{"@type":"ImageObject","inLanguage":"pt-BR","@id":"https:\/\/www.weg.net\/weghome\/suporte\/#primaryimage","url":"https:\/\/www.weg.net\/weghome\/wp-content\/uploads\/2024\/08\/suporte-e1728420379954.jpg","contentUrl":"https:\/\/www.weg.net\/weghome\/wp-content\/uploads\/2024\/08\/suporte-e1728420379954.jpg","width":749,"height":554},{"@type":"BreadcrumbList","@id":"https:\/\/www.weg.net\/weghome\/suporte\/#breadcrumb","itemListElement":[{"@type":"ListItem","position":1,"name":"In\u00edcio","item":"https:\/\/www.weg.net\/weghome\/"},{"@type":"ListItem","position":2,"name":"Suporte"}]},{"@type":"WebSite","@id":"https:\/\/www.weg.net\/weghome\/#website","url":"https:\/\/www.weg.net\/weghome\/","name":"WEG Home","description":"Casa Inteligente, Tomadas e Interruptores, Prote\u00e7\u00e3o El\u00e9trica, Seguran\u00e7a Eletr\u00f4nica","publisher":{"@id":"https:\/\/www.weg.net\/weghome\/#organization"},"potentialAction":[{"@type":"SearchAction","target":{"@type":"EntryPoint","urlTemplate":"https:\/\/www.weg.net\/weghome\/?s={search_term_string}"},"query-input":{"@type":"PropertyValueSpecification","valueRequired":true,"valueName":"search_term_string"}}],"inLanguage":"pt-BR"},{"@type":"Organization","@id":"https:\/\/www.weg.net\/weghome\/#organization","name":"WEG Home","url":"https:\/\/www.weg.net\/weghome\/","logo":{"@type":"ImageObject","inLanguage":"pt-BR","@id":"https:\/\/www.weg.net\/weghome\/#\/schema\/logo\/image\/","url":"https:\/\/www.weg.net\/weghome\/wp-content\/uploads\/2024\/09\/weg_logo.jpg","contentUrl":"https:\/\/www.weg.net\/weghome\/wp-content\/uploads\/2024\/09\/weg_logo.jpg","width":512,"height":512,"caption":"WEG Home"},"image":{"@id":"https:\/\/www.weg.net\/weghome\/#\/schema\/logo\/image\/"}}]}},"_links":{"self":[{"href":"https:\/\/www.weg.net\/weghome\/wp-json\/wp\/v2\/pages\/21","targetHints":{"allow":["GET"]}}],"collection":[{"href":"https:\/\/www.weg.net\/weghome\/wp-json\/wp\/v2\/pages"}],"about":[{"href":"https:\/\/www.weg.net\/weghome\/wp-json\/wp\/v2\/types\/page"}],"author":[{"embeddable":true,"href":"https:\/\/www.weg.net\/weghome\/wp-json\/wp\/v2\/users\/1"}],"replies":[{"embeddable":true,"href":"https:\/\/www.weg.net\/weghome\/wp-json\/wp\/v2\/comments?post=21"}],"version-history":[{"count":53,"href":"https:\/\/www.weg.net\/weghome\/wp-json\/wp\/v2\/pages\/21\/revisions"}],"predecessor-version":[{"id":1493,"href":"https:\/\/www.weg.net\/weghome\/wp-json\/wp\/v2\/pages\/21\/revisions\/1493"}],"wp:featuredmedia":[{"embeddable":true,"href":"https:\/\/www.weg.net\/weghome\/wp-json\/wp\/v2\/media\/414"}],"wp:attachment":[{"href":"https:\/\/www.weg.net\/weghome\/wp-json\/wp\/v2\/media?parent=21"}],"curies":[{"name":"wp","href":"https:\/\/api.w.org\/{rel}","templated":true}]}}