{"id":2,"date":"2024-07-17T11:09:27","date_gmt":"2024-07-17T14:09:27","guid":{"rendered":"https:\/\/kriaweb.com.br\/weghome\/?page_id=2"},"modified":"2024-12-18T16:50:34","modified_gmt":"2024-12-18T19:50:34","slug":"produtos","status":"publish","type":"page","link":"https:\/\/www.weg.net\/weghome\/produtos\/","title":{"rendered":"Produtos"},"content":{"rendered":"","protected":false},"excerpt":{"rendered":"","protected":false},"author":1,"featured_media":0,"parent":0,"menu_order":0,"comment_status":"closed","ping_status":"closed","template":"page-produtos.php","meta":{"_acf_changed":false,"footnotes":""},"class_list":["post-2","page","type-page","status-publish","hentry"],"acf":[],"yoast_head":"<!-- This site is optimized with the Yoast SEO plugin v27.3 - https:\/\/yoast.com\/product\/yoast-seo-wordpress\/ -->\n<title>Produtos - &nbsp;<\/title>\n<meta name=\"robots\" content=\"noindex, nofollow\" \/>\n<meta property=\"og:locale\" content=\"pt_BR\" \/>\n<meta property=\"og:type\" content=\"article\" \/>\n<meta property=\"og:title\" content=\"Produtos - &nbsp;\" \/>\n<meta property=\"og:url\" content=\"https:\/\/www.weg.net\/weghome\/produtos\/\" \/>\n<meta property=\"og:site_name\" content=\"WEG Home\" \/>\n<meta property=\"article:modified_time\" content=\"2024-12-18T19:50:34+00:00\" \/>\n<meta name=\"twitter:card\" content=\"summary_large_image\" \/>\n<script type=\"application\/ld+json\" class=\"yoast-schema-graph\">{\"@context\":\"https:\\\/\\\/schema.org\",\"@graph\":[{\"@type\":\"WebPage\",\"@id\":\"https:\\\/\\\/www.weg.net\\\/weghome\\\/produtos\\\/\",\"url\":\"https:\\\/\\\/www.weg.net\\\/weghome\\\/produtos\\\/\",\"name\":\"Produtos - &nbsp;\",\"isPartOf\":{\"@id\":\"https:\\\/\\\/www.weg.net\\\/weghome\\\/#website\"},\"datePublished\":\"2024-07-17T14:09:27+00:00\",\"dateModified\":\"2024-12-18T19:50:34+00:00\",\"breadcrumb\":{\"@id\":\"https:\\\/\\\/www.weg.net\\\/weghome\\\/produtos\\\/#breadcrumb\"},\"inLanguage\":\"pt-BR\",\"potentialAction\":[{\"@type\":\"ReadAction\",\"target\":[\"https:\\\/\\\/www.weg.net\\\/weghome\\\/produtos\\\/\"]}]},{\"@type\":\"BreadcrumbList\",\"@id\":\"https:\\\/\\\/www.weg.net\\\/weghome\\\/produtos\\\/#breadcrumb\",\"itemListElement\":[{\"@type\":\"ListItem\",\"position\":1,\"name\":\"In\u00edcio\",\"item\":\"https:\\\/\\\/www.weg.net\\\/weghome\\\/\"},{\"@type\":\"ListItem\",\"position\":2,\"name\":\"Produtos\"}]},{\"@type\":\"WebSite\",\"@id\":\"https:\\\/\\\/www.weg.net\\\/weghome\\\/#website\",\"url\":\"https:\\\/\\\/www.weg.net\\\/weghome\\\/\",\"name\":\"WEG Home\",\"description\":\"Casa Inteligente, Tomadas e Interruptores, Prote\u00e7\u00e3o El\u00e9trica, Seguran\u00e7a Eletr\u00f4nica\",\"publisher\":{\"@id\":\"https:\\\/\\\/www.weg.net\\\/weghome\\\/#organization\"},\"potentialAction\":[{\"@type\":\"SearchAction\",\"target\":{\"@type\":\"EntryPoint\",\"urlTemplate\":\"https:\\\/\\\/www.weg.net\\\/weghome\\\/?s={search_term_string}\"},\"query-input\":{\"@type\":\"PropertyValueSpecification\",\"valueRequired\":true,\"valueName\":\"search_term_string\"}}],\"inLanguage\":\"pt-BR\"},{\"@type\":\"Organization\",\"@id\":\"https:\\\/\\\/www.weg.net\\\/weghome\\\/#organization\",\"name\":\"WEG Home\",\"url\":\"https:\\\/\\\/www.weg.net\\\/weghome\\\/\",\"logo\":{\"@type\":\"ImageObject\",\"inLanguage\":\"pt-BR\",\"@id\":\"https:\\\/\\\/www.weg.net\\\/weghome\\\/#\\\/schema\\\/logo\\\/image\\\/\",\"url\":\"https:\\\/\\\/www.weg.net\\\/weghome\\\/wp-content\\\/uploads\\\/2024\\\/09\\\/weg_logo.jpg\",\"contentUrl\":\"https:\\\/\\\/www.weg.net\\\/weghome\\\/wp-content\\\/uploads\\\/2024\\\/09\\\/weg_logo.jpg\",\"width\":512,\"height\":512,\"caption\":\"WEG Home\"},\"image\":{\"@id\":\"https:\\\/\\\/www.weg.net\\\/weghome\\\/#\\\/schema\\\/logo\\\/image\\\/\"}}]}<\/script>\n<!-- \/ Yoast SEO plugin. -->","yoast_head_json":{"title":"Produtos - &nbsp;","robots":{"index":"noindex","follow":"nofollow"},"og_locale":"pt_BR","og_type":"article","og_title":"Produtos - &nbsp;","og_url":"https:\/\/www.weg.net\/weghome\/produtos\/","og_site_name":"WEG Home","article_modified_time":"2024-12-18T19:50:34+00:00","twitter_card":"summary_large_image","schema":{"@context":"https:\/\/schema.org","@graph":[{"@type":"WebPage","@id":"https:\/\/www.weg.net\/weghome\/produtos\/","url":"https:\/\/www.weg.net\/weghome\/produtos\/","name":"Produtos - &nbsp;","isPartOf":{"@id":"https:\/\/www.weg.net\/weghome\/#website"},"datePublished":"2024-07-17T14:09:27+00:00","dateModified":"2024-12-18T19:50:34+00:00","breadcrumb":{"@id":"https:\/\/www.weg.net\/weghome\/produtos\/#breadcrumb"},"inLanguage":"pt-BR","potentialAction":[{"@type":"ReadAction","target":["https:\/\/www.weg.net\/weghome\/produtos\/"]}]},{"@type":"BreadcrumbList","@id":"https:\/\/www.weg.net\/weghome\/produtos\/#breadcrumb","itemListElement":[{"@type":"ListItem","position":1,"name":"In\u00edcio","item":"https:\/\/www.weg.net\/weghome\/"},{"@type":"ListItem","position":2,"name":"Produtos"}]},{"@type":"WebSite","@id":"https:\/\/www.weg.net\/weghome\/#website","url":"https:\/\/www.weg.net\/weghome\/","name":"WEG Home","description":"Casa Inteligente, Tomadas e Interruptores, Prote\u00e7\u00e3o El\u00e9trica, Seguran\u00e7a Eletr\u00f4nica","publisher":{"@id":"https:\/\/www.weg.net\/weghome\/#organization"},"potentialAction":[{"@type":"SearchAction","target":{"@type":"EntryPoint","urlTemplate":"https:\/\/www.weg.net\/weghome\/?s={search_term_string}"},"query-input":{"@type":"PropertyValueSpecification","valueRequired":true,"valueName":"search_term_string"}}],"inLanguage":"pt-BR"},{"@type":"Organization","@id":"https:\/\/www.weg.net\/weghome\/#organization","name":"WEG Home","url":"https:\/\/www.weg.net\/weghome\/","logo":{"@type":"ImageObject","inLanguage":"pt-BR","@id":"https:\/\/www.weg.net\/weghome\/#\/schema\/logo\/image\/","url":"https:\/\/www.weg.net\/weghome\/wp-content\/uploads\/2024\/09\/weg_logo.jpg","contentUrl":"https:\/\/www.weg.net\/weghome\/wp-content\/uploads\/2024\/09\/weg_logo.jpg","width":512,"height":512,"caption":"WEG Home"},"image":{"@id":"https:\/\/www.weg.net\/weghome\/#\/schema\/logo\/image\/"}}]}},"_links":{"self":[{"href":"https:\/\/www.weg.net\/weghome\/wp-json\/wp\/v2\/pages\/2","targetHints":{"allow":["GET"]}}],"collection":[{"href":"https:\/\/www.weg.net\/weghome\/wp-json\/wp\/v2\/pages"}],"about":[{"href":"https:\/\/www.weg.net\/weghome\/wp-json\/wp\/v2\/types\/page"}],"author":[{"embeddable":true,"href":"https:\/\/www.weg.net\/weghome\/wp-json\/wp\/v2\/users\/1"}],"replies":[{"embeddable":true,"href":"https:\/\/www.weg.net\/weghome\/wp-json\/wp\/v2\/comments?post=2"}],"version-history":[{"count":5,"href":"https:\/\/www.weg.net\/weghome\/wp-json\/wp\/v2\/pages\/2\/revisions"}],"predecessor-version":[{"id":8597,"href":"https:\/\/www.weg.net\/weghome\/wp-json\/wp\/v2\/pages\/2\/revisions\/8597"}],"wp:attachment":[{"href":"https:\/\/www.weg.net\/weghome\/wp-json\/wp\/v2\/media?parent=2"}],"curies":[{"name":"wp","href":"https:\/\/api.w.org\/{rel}","templated":true}]}}